{"id":896,"date":"2021-09-07T23:10:11","date_gmt":"2021-09-07T21:10:11","guid":{"rendered":"https:\/\/kapucynkiostrow.pl\/?page_id=896"},"modified":"2021-09-07T23:10:11","modified_gmt":"2021-09-07T21:10:11","slug":"etapy-formacji","status":"publish","type":"page","link":"https:\/\/kapucynkiostrow.pl\/index.php\/nasze-zycie\/etapy-formacji\/","title":{"rendered":"etapy formacji"},"content":{"rendered":"\n<p class=\"has-text-align-center\">\u017bycie w naszym Zakonie rozpoczyna si\u0119 od trwaj\u0105cego rok aspiratu, kt\u00f3ry mo\u017cna rozpocz\u0105\u0107 ju\u017c przed fizycznym wst\u0105pieniem, pozostaj\u0105c w kontakcie z Klasztorem,<br>w przewidziany w konkretnym wypadku spos\u00f3b, prze\u017cywaj\u0105c przygotowanie do kolejnego roku &#8211; postulatu, po kt\u00f3rym,<\/p>\n\n\n\n<div class=\"wp-block-image\"><figure class=\"aligncenter size-full\"><img fetchpriority=\"high\" decoding=\"async\" width=\"498\" height=\"225\" src=\"https:\/\/kapucynkiostrow.pl\/wp-content\/uploads\/2021\/09\/oblocz.jpg\" alt=\"\" class=\"wp-image-897\" srcset=\"https:\/\/kapucynkiostrow.pl\/wp-content\/uploads\/2021\/09\/oblocz.jpg 498w, https:\/\/kapucynkiostrow.pl\/wp-content\/uploads\/2021\/09\/oblocz-300x136.jpg 300w\" sizes=\"(max-width: 498px) 100vw, 498px\" \/><figcaption>ob\u0142\u00f3czyny<\/figcaption><\/figure><\/div>\n\n\n\n<p class=\"has-text-align-center\">podczas ceremonii tzw. ob\u0142\u00f3czyn postulantka otrzymuje habit, nowe imi\u0119 i rozpoczyna dwuletni nowicjat.<\/p>\n\n\n\n<div class=\"wp-block-image\"><figure class=\"aligncenter size-full\"><img decoding=\"async\" width=\"500\" height=\"222\" src=\"https:\/\/kapucynkiostrow.pl\/wp-content\/uploads\/2021\/09\/etapy1.jpg\" alt=\"\" class=\"wp-image-898\" srcset=\"https:\/\/kapucynkiostrow.pl\/wp-content\/uploads\/2021\/09\/etapy1.jpg 500w, https:\/\/kapucynkiostrow.pl\/wp-content\/uploads\/2021\/09\/etapy1-300x133.jpg 300w\" sizes=\"(max-width: 500px) 100vw, 500px\" \/><\/figure><\/div>\n\n\n\n<p class=\"has-text-align-center\">Jest to czas weryfikacji i przygotowania si\u0119 do najpierw \u015blub\u00f3w czasowych, a p\u00f3\u017aniej wieczystych, kt\u00f3re s\u0105 oddaniem si\u0119 Bogu bez zastrze\u017ce\u0144 i na zawsze.<\/p>\n\n\n\n<div class=\"wp-block-image\"><figure class=\"aligncenter size-full\"><img decoding=\"async\" width=\"500\" height=\"225\" src=\"https:\/\/kapucynkiostrow.pl\/wp-content\/uploads\/2021\/09\/l.wiecz-1.jpg\" alt=\"\" class=\"wp-image-899\" srcset=\"https:\/\/kapucynkiostrow.pl\/wp-content\/uploads\/2021\/09\/l.wiecz-1.jpg 500w, https:\/\/kapucynkiostrow.pl\/wp-content\/uploads\/2021\/09\/l.wiecz-1-300x135.jpg 300w\" sizes=\"(max-width: 500px) 100vw, 500px\" \/><\/figure><\/div>\n","protected":false},"excerpt":{"rendered":"<p>\u017bycie w naszym Zakonie rozpoczyna si\u0119 od trwaj\u0105cego rok aspiratu, kt\u00f3ry mo\u017cna rozpocz\u0105\u0107 ju\u017c przed fizycznym wst\u0105pieniem, pozostaj\u0105c w kontakcie [&hellip;]<\/p>\n","protected":false},"author":1,"featured_media":0,"parent":425,"menu_order":0,"comment_status":"closed","ping_status":"closed","template":"","meta":{"_monsterinsights_skip_tracking":false,"_monsterinsights_sitenote_active":false,"_monsterinsights_sitenote_note":"","_monsterinsights_sitenote_category":0,"site-sidebar-layout":"default","site-content-layout":"","ast-site-content-layout":"default","site-content-style":"default","site-sidebar-style":"default","ast-global-header-display":"","ast-banner-title-visibility":"","ast-main-header-display":"","ast-hfb-above-header-display":"","ast-hfb-below-header-display":"","ast-hfb-mobile-header-display":"","site-post-title":"","ast-breadcrumbs-content":"","ast-featured-img":"","footer-sml-layout":"","ast-disable-related-posts":"","theme-transparent-header-meta":"","adv-header-id-meta":"","stick-header-meta":"","header-above-stick-meta":"","header-main-stick-meta":"","header-below-stick-meta":"","astra-migrate-meta-layouts":"default","ast-page-background-enabled":"default","ast-page-background-meta":{"desktop":{"background-color":"var(--ast-global-color-5)","background-image":"","background-repeat":"repeat","background-position":"center center","background-size":"auto","background-attachment":"scroll","background-type":"","background-media":"","overlay-type":"","overlay-color":"","overlay-opacity":"","overlay-gradient":""},"tablet":{"background-color":"","background-image":"","background-repeat":"repeat","background-position":"center center","background-size":"auto","background-attachment":"scroll","background-type":"","background-media":"","overlay-type":"","overlay-color":"","overlay-opacity":"","overlay-gradient":""},"mobile":{"background-color":"","background-image":"","background-repeat":"repeat","background-position":"center center","background-size":"auto","background-attachment":"scroll","background-type":"","background-media":"","overlay-type":"","overlay-color":"","overlay-opacity":"","overlay-gradient":""}},"ast-content-background-meta":{"desktop":{"background-color":"var(--ast-global-color-4)","background-image":"","background-repeat":"repeat","background-position":"center center","background-size":"auto","background-attachment":"scroll","background-type":"","background-media":"","overlay-type":"","overlay-color":"","overlay-opacity":"","overlay-gradient":""},"tablet":{"background-color":"var(--ast-global-color-4)","background-image":"","background-repeat":"repeat","background-position":"center center","background-size":"auto","background-attachment":"scroll","background-type":"","background-media":"","overlay-type":"","overlay-color":"","overlay-opacity":"","overlay-gradient":""},"mobile":{"background-color":"var(--ast-global-color-4)","background-image":"","background-repeat":"repeat","background-position":"center center","background-size":"auto","background-attachment":"scroll","background-type":"","background-media":"","overlay-type":"","overlay-color":"","overlay-opacity":"","overlay-gradient":""}},"ngg_post_thumbnail":0,"footnotes":""},"class_list":["post-896","page","type-page","status-publish","hentry"],"_links":{"self":[{"href":"https:\/\/kapucynkiostrow.pl\/index.php\/wp-json\/wp\/v2\/pages\/896","targetHints":{"allow":["GET"]}}],"collection":[{"href":"https:\/\/kapucynkiostrow.pl\/index.php\/wp-json\/wp\/v2\/pages"}],"about":[{"href":"https:\/\/kapucynkiostrow.pl\/index.php\/wp-json\/wp\/v2\/types\/page"}],"author":[{"embeddable":true,"href":"https:\/\/kapucynkiostrow.pl\/index.php\/wp-json\/wp\/v2\/users\/1"}],"replies":[{"embeddable":true,"href":"https:\/\/kapucynkiostrow.pl\/index.php\/wp-json\/wp\/v2\/comments?post=896"}],"version-history":[{"count":1,"href":"https:\/\/kapucynkiostrow.pl\/index.php\/wp-json\/wp\/v2\/pages\/896\/revisions"}],"predecessor-version":[{"id":900,"href":"https:\/\/kapucynkiostrow.pl\/index.php\/wp-json\/wp\/v2\/pages\/896\/revisions\/900"}],"up":[{"embeddable":true,"href":"https:\/\/kapucynkiostrow.pl\/index.php\/wp-json\/wp\/v2\/pages\/425"}],"wp:attachment":[{"href":"https:\/\/kapucynkiostrow.pl\/index.php\/wp-json\/wp\/v2\/media?parent=896"}],"curies":[{"name":"wp","href":"https:\/\/api.w.org\/{rel}","templated":true}]}}