{"id":878,"date":"2021-09-07T22:35:13","date_gmt":"2021-09-07T20:35:13","guid":{"rendered":"https:\/\/kapucynkiostrow.pl\/?page_id=878"},"modified":"2021-09-07T22:35:13","modified_gmt":"2021-09-07T20:35:13","slug":"klauzura","status":"publish","type":"page","link":"https:\/\/kapucynkiostrow.pl\/index.php\/nasze-zycie\/klauzura\/","title":{"rendered":"klauzura"},"content":{"rendered":"\n<p class=\"has-text-align-center\">Klauzura sprzyja \u017cyciu modlitwy. Nie jest ucieczk\u0105 od \u015bwiata, od ludzi. Jest oddzieleniem, kt\u00f3re zapewnia wolno\u015b\u0107 duchow\u0105. Dobrowolnie przyj\u0119ta, ochrania i zasila g\u0142\u0119bie i pok\u00f3j \u017cycia, poddanego dzia\u0142aniu Ducha \u015awi\u0119tego.<\/p>\n\n\n\n<div class=\"wp-block-image\"><figure class=\"aligncenter size-full\"><img fetchpriority=\"high\" decoding=\"async\" width=\"500\" height=\"225\" src=\"https:\/\/kapucynkiostrow.pl\/wp-content\/uploads\/2021\/09\/klauz.rozm_.jpg\" alt=\"\" class=\"wp-image-879\" srcset=\"https:\/\/kapucynkiostrow.pl\/wp-content\/uploads\/2021\/09\/klauz.rozm_.jpg 500w, https:\/\/kapucynkiostrow.pl\/wp-content\/uploads\/2021\/09\/klauz.rozm_-300x135.jpg 300w\" sizes=\"(max-width: 500px) 100vw, 500px\" \/><figcaption>fot. Karol Budzi\u0144ski<\/figcaption><\/figure><\/div>\n\n\n\n<p class=\"has-text-align-center\">Sprawia, \u017ce nasza obecno\u015b\u0107 jest skuteczniejsza w \u015bwiecie, kt\u00f3ry B\u00f3g chce przemieni\u0107 i u\u015bwi\u0119ci\u0107. Poprzez \u017cycie w klauzurze na\u015bladujemy <br>w spos\u00f3b szczeg\u00f3lny ukryte \u017cycie Matki Naj\u015bwi\u0119tszej. Jest to \u017cycie, kt\u00f3re dobrowolnie wybra\u0142a \u015bw. Klara z Asy\u017cu, a za Ni\u0105 jej c\u00f3rki duchowe przez ca\u0142e wieki.<\/p>\n\n\n\n<div class=\"wp-block-image\"><figure class=\"aligncenter size-full\"><img decoding=\"async\" width=\"500\" height=\"225\" src=\"https:\/\/kapucynkiostrow.pl\/wp-content\/uploads\/2021\/09\/Assisi2-1.jpg\" alt=\"\" class=\"wp-image-880\" srcset=\"https:\/\/kapucynkiostrow.pl\/wp-content\/uploads\/2021\/09\/Assisi2-1.jpg 500w, https:\/\/kapucynkiostrow.pl\/wp-content\/uploads\/2021\/09\/Assisi2-1-300x135.jpg 300w\" sizes=\"(max-width: 500px) 100vw, 500px\" \/><\/figure><\/div>\n","protected":false},"excerpt":{"rendered":"<p>Klauzura sprzyja \u017cyciu modlitwy. Nie jest ucieczk\u0105 od \u015bwiata, od ludzi. Jest oddzieleniem, kt\u00f3re zapewnia wolno\u015b\u0107 duchow\u0105. Dobrowolnie przyj\u0119ta, ochrania [&hellip;]<\/p>\n","protected":false},"author":1,"featured_media":0,"parent":425,"menu_order":4,"comment_status":"closed","ping_status":"closed","template":"","meta":{"_monsterinsights_skip_tracking":false,"_monsterinsights_sitenote_active":false,"_monsterinsights_sitenote_note":"","_monsterinsights_sitenote_category":0,"site-sidebar-layout":"default","site-content-layout":"","ast-site-content-layout":"default","site-content-style":"default","site-sidebar-style":"default","ast-global-header-display":"","ast-banner-title-visibility":"","ast-main-header-display":"","ast-hfb-above-header-display":"","ast-hfb-below-header-display":"","ast-hfb-mobile-header-display":"","site-post-title":"","ast-breadcrumbs-content":"","ast-featured-img":"","footer-sml-layout":"","ast-disable-related-posts":"","theme-transparent-header-meta":"","adv-header-id-meta":"","stick-header-meta":"","header-above-stick-meta":"","header-main-stick-meta":"","header-below-stick-meta":"","astra-migrate-meta-layouts":"default","ast-page-background-enabled":"default","ast-page-background-meta":{"desktop":{"background-color":"var(--ast-global-color-5)","background-image":"","background-repeat":"repeat","background-position":"center center","background-size":"auto","background-attachment":"scroll","background-type":"","background-media":"","overlay-type":"","overlay-color":"","overlay-opacity":"","overlay-gradient":""},"tablet":{"background-color":"","background-image":"","background-repeat":"repeat","background-position":"center center","background-size":"auto","background-attachment":"scroll","background-type":"","background-media":"","overlay-type":"","overlay-color":"","overlay-opacity":"","overlay-gradient":""},"mobile":{"background-color":"","background-image":"","background-repeat":"repeat","background-position":"center center","background-size":"auto","background-attachment":"scroll","background-type":"","background-media":"","overlay-type":"","overlay-color":"","overlay-opacity":"","overlay-gradient":""}},"ast-content-background-meta":{"desktop":{"background-color":"var(--ast-global-color-4)","background-image":"","background-repeat":"repeat","background-position":"center center","background-size":"auto","background-attachment":"scroll","background-type":"","background-media":"","overlay-type":"","overlay-color":"","overlay-opacity":"","overlay-gradient":""},"tablet":{"background-color":"var(--ast-global-color-4)","background-image":"","background-repeat":"repeat","background-position":"center center","background-size":"auto","background-attachment":"scroll","background-type":"","background-media":"","overlay-type":"","overlay-color":"","overlay-opacity":"","overlay-gradient":""},"mobile":{"background-color":"var(--ast-global-color-4)","background-image":"","background-repeat":"repeat","background-position":"center center","background-size":"auto","background-attachment":"scroll","background-type":"","background-media":"","overlay-type":"","overlay-color":"","overlay-opacity":"","overlay-gradient":""}},"ngg_post_thumbnail":0,"footnotes":""},"class_list":["post-878","page","type-page","status-publish","hentry"],"_links":{"self":[{"href":"https:\/\/kapucynkiostrow.pl\/index.php\/wp-json\/wp\/v2\/pages\/878","targetHints":{"allow":["GET"]}}],"collection":[{"href":"https:\/\/kapucynkiostrow.pl\/index.php\/wp-json\/wp\/v2\/pages"}],"about":[{"href":"https:\/\/kapucynkiostrow.pl\/index.php\/wp-json\/wp\/v2\/types\/page"}],"author":[{"embeddable":true,"href":"https:\/\/kapucynkiostrow.pl\/index.php\/wp-json\/wp\/v2\/users\/1"}],"replies":[{"embeddable":true,"href":"https:\/\/kapucynkiostrow.pl\/index.php\/wp-json\/wp\/v2\/comments?post=878"}],"version-history":[{"count":1,"href":"https:\/\/kapucynkiostrow.pl\/index.php\/wp-json\/wp\/v2\/pages\/878\/revisions"}],"predecessor-version":[{"id":881,"href":"https:\/\/kapucynkiostrow.pl\/index.php\/wp-json\/wp\/v2\/pages\/878\/revisions\/881"}],"up":[{"embeddable":true,"href":"https:\/\/kapucynkiostrow.pl\/index.php\/wp-json\/wp\/v2\/pages\/425"}],"wp:attachment":[{"href":"https:\/\/kapucynkiostrow.pl\/index.php\/wp-json\/wp\/v2\/media?parent=878"}],"curies":[{"name":"wp","href":"https:\/\/api.w.org\/{rel}","templated":true}]}}