{"id":425,"date":"2021-06-09T23:13:46","date_gmt":"2021-06-09T21:13:46","guid":{"rendered":"https:\/\/kapucynkiostrow.pl\/?page_id=425"},"modified":"2021-09-07T23:11:59","modified_gmt":"2021-09-07T21:11:59","slug":"nasze-zycie","status":"publish","type":"page","link":"https:\/\/kapucynkiostrow.pl\/index.php\/nasze-zycie\/","title":{"rendered":"nasze \u017cycie"},"content":{"rendered":"\n<div class=\"wp-block-media-text alignwide is-stacked-on-mobile\" style=\"grid-template-columns:19% auto\"><figure class=\"wp-block-media-text__media\"><a href=\"https:\/\/kapucynkiostrow.pl\/index.php\/nasze-zycie\/nasz-charyzmat\/\" target=\"_blank\" rel=\"noopener\"><img fetchpriority=\"high\" decoding=\"async\" width=\"500\" height=\"225\" src=\"https:\/\/kapucynkiostrow.pl\/wp-content\/uploads\/2021\/06\/FRANCISZEKd.jpg\" alt=\"\" class=\"wp-image-427 size-full\" srcset=\"https:\/\/kapucynkiostrow.pl\/wp-content\/uploads\/2021\/06\/FRANCISZEKd.jpg 500w, https:\/\/kapucynkiostrow.pl\/wp-content\/uploads\/2021\/06\/FRANCISZEKd-300x135.jpg 300w\" sizes=\"(max-width: 500px) 100vw, 500px\" \/><\/a><\/figure><div class=\"wp-block-media-text__content\">\n<p class=\"has-large-font-size\"><a href=\"https:\/\/kapucynkiostrow.pl\/index.php\/nasze-zycie\/nasz-charyzmat\/\" target=\"_blank\" rel=\"noreferrer noopener\">nasz charyzmat franciszka\u0144ski<\/a><\/p>\n<\/div><\/div>\n\n\n\n<div class=\"wp-block-media-text alignwide is-stacked-on-mobile\" style=\"grid-template-columns:19% auto\"><figure class=\"wp-block-media-text__media\"><a href=\"https:\/\/kapucynkiostrow.pl\/index.php\/nasze-zycie\/nasz-charyzmat-klarianski\/\" target=\"_blank\" rel=\"noopener\"><img decoding=\"async\" width=\"200\" height=\"90\" src=\"https:\/\/kapucynkiostrow.pl\/wp-content\/uploads\/2021\/09\/Figura-Klara.m.jpg\" alt=\"\" class=\"wp-image-851 size-medium\"\/><\/a><\/figure><div class=\"wp-block-media-text__content\">\n<p class=\"has-large-font-size\"><a href=\"https:\/\/kapucynkiostrow.pl\/index.php\/nasze-zycie\/nasz-charyzmat-klarianski\/\" data-type=\"URL\" data-id=\"https:\/\/kapucynkiostrow.pl\/index.php\/nasze-zycie\/nasz-charyzmat-klarianski\/\" target=\"_blank\" rel=\"noreferrer noopener\">nasz chryzmat klaria\u0144ski<\/a><\/p>\n<\/div><\/div>\n\n\n\n<div class=\"wp-block-media-text alignwide is-stacked-on-mobile\" style=\"grid-template-columns:19% auto\"><figure class=\"wp-block-media-text__media\"><a href=\"https:\/\/kapucynkiostrow.pl\/index.php\/zycie-modlitwy\/\"><img decoding=\"async\" width=\"200\" height=\"91\" src=\"https:\/\/kapucynkiostrow.pl\/wp-content\/uploads\/2021\/09\/modl.jpg\" alt=\"\" class=\"wp-image-892 size-full\"\/><\/a><\/figure><div class=\"wp-block-media-text__content\">\n<p class=\"has-large-font-size\"><a href=\"https:\/\/kapucynkiostrow.pl\/index.php\/zycie-modlitwy\/\" target=\"_blank\" rel=\"noreferrer noopener\">\u017cycie modlitwy<\/a><\/p>\n<\/div><\/div>\n\n\n\n<div class=\"wp-block-media-text alignwide is-stacked-on-mobile\" style=\"grid-template-columns:19% auto\"><figure class=\"wp-block-media-text__media\"><a href=\"https:\/\/kapucynkiostrow.pl\/index.php\/nasze-zycie\/klauzura\/\"><img loading=\"lazy\" decoding=\"async\" width=\"200\" height=\"90\" src=\"https:\/\/kapucynkiostrow.pl\/wp-content\/uploads\/2021\/09\/wirydarz-m.jpg\" alt=\"\" class=\"wp-image-884 size-full\"\/><\/a><\/figure><div class=\"wp-block-media-text__content\">\n<p class=\"has-large-font-size\"><a href=\"https:\/\/kapucynkiostrow.pl\/index.php\/nasze-zycie\/klauzura\/\" target=\"_blank\" rel=\"noreferrer noopener\">klauzura<\/a><\/p>\n<\/div><\/div>\n\n\n\n<div class=\"wp-block-media-text alignwide is-stacked-on-mobile\" style=\"grid-template-columns:19% auto\"><figure class=\"wp-block-media-text__media\"><a href=\"https:\/\/kapucynkiostrow.pl\/index.php\/praca\/\"><img loading=\"lazy\" decoding=\"async\" width=\"200\" height=\"90\" src=\"https:\/\/kapucynkiostrow.pl\/wp-content\/uploads\/2021\/09\/praca1.jpg\" alt=\"\" class=\"wp-image-886 size-full\"\/><\/a><\/figure><div class=\"wp-block-media-text__content\">\n<p class=\"has-large-font-size\"><a href=\"https:\/\/kapucynkiostrow.pl\/index.php\/praca\/\" target=\"_blank\" rel=\"noreferrer noopener\">praca<\/a><\/p>\n<\/div><\/div>\n\n\n\n<div class=\"wp-block-media-text alignwide is-stacked-on-mobile\" style=\"grid-template-columns:19% auto\"><figure class=\"wp-block-media-text__media\"><a href=\"https:\/\/kapucynkiostrow.pl\/?page_id=896\"><img loading=\"lazy\" decoding=\"async\" width=\"200\" height=\"90\" src=\"https:\/\/kapucynkiostrow.pl\/wp-content\/uploads\/2021\/09\/swieca.jpg\" alt=\"\" class=\"wp-image-901 size-full\"\/><\/a><\/figure><div class=\"wp-block-media-text__content\">\n<p class=\"has-large-font-size\"><a href=\"https:\/\/kapucynkiostrow.pl\/?page_id=896\" target=\"_blank\" rel=\"noreferrer noopener\">etapy formacji<\/a><\/p>\n<\/div><\/div>\n","protected":false},"excerpt":{"rendered":"<p>nasz charyzmat franciszka\u0144ski nasz chryzmat klaria\u0144ski \u017cycie modlitwy klauzura praca etapy formacji<\/p>\n","protected":false},"author":1,"featured_media":0,"parent":0,"menu_order":0,"comment_status":"closed","ping_status":"closed","template":"","meta":{"_monsterinsights_skip_tracking":false,"_monsterinsights_sitenote_active":false,"_monsterinsights_sitenote_note":"","_monsterinsights_sitenote_category":0,"site-sidebar-layout":"default","site-content-layout":"","ast-site-content-layout":"default","site-content-style":"default","site-sidebar-style":"default","ast-global-header-display":"","ast-banner-title-visibility":"","ast-main-header-display":"","ast-hfb-above-header-display":"","ast-hfb-below-header-display":"","ast-hfb-mobile-header-display":"","site-post-title":"","ast-breadcrumbs-content":"","ast-featured-img":"","footer-sml-layout":"","ast-disable-related-posts":"","theme-transparent-header-meta":"","adv-header-id-meta":"","stick-header-meta":"","header-above-stick-meta":"","header-main-stick-meta":"","header-below-stick-meta":"","astra-migrate-meta-layouts":"default","ast-page-background-enabled":"default","ast-page-background-meta":{"desktop":{"background-color":"var(--ast-global-color-5)","background-image":"","background-repeat":"repeat","background-position":"center center","background-size":"auto","background-attachment":"scroll","background-type":"","background-media":"","overlay-type":"","overlay-color":"","overlay-opacity":"","overlay-gradient":""},"tablet":{"background-color":"","background-image":"","background-repeat":"repeat","background-position":"center center","background-size":"auto","background-attachment":"scroll","background-type":"","background-media":"","overlay-type":"","overlay-color":"","overlay-opacity":"","overlay-gradient":""},"mobile":{"background-color":"","background-image":"","background-repeat":"repeat","background-position":"center center","background-size":"auto","background-attachment":"scroll","background-type":"","background-media":"","overlay-type":"","overlay-color":"","overlay-opacity":"","overlay-gradient":""}},"ast-content-background-meta":{"desktop":{"background-color":"var(--ast-global-color-4)","background-image":"","background-repeat":"repeat","background-position":"center center","background-size":"auto","background-attachment":"scroll","background-type":"","background-media":"","overlay-type":"","overlay-color":"","overlay-opacity":"","overlay-gradient":""},"tablet":{"background-color":"var(--ast-global-color-4)","background-image":"","background-repeat":"repeat","background-position":"center center","background-size":"auto","background-attachment":"scroll","background-type":"","background-media":"","overlay-type":"","overlay-color":"","overlay-opacity":"","overlay-gradient":""},"mobile":{"background-color":"var(--ast-global-color-4)","background-image":"","background-repeat":"repeat","background-position":"center center","background-size":"auto","background-attachment":"scroll","background-type":"","background-media":"","overlay-type":"","overlay-color":"","overlay-opacity":"","overlay-gradient":""}},"ngg_post_thumbnail":0,"footnotes":""},"class_list":["post-425","page","type-page","status-publish","hentry"],"_links":{"self":[{"href":"https:\/\/kapucynkiostrow.pl\/index.php\/wp-json\/wp\/v2\/pages\/425","targetHints":{"allow":["GET"]}}],"collection":[{"href":"https:\/\/kapucynkiostrow.pl\/index.php\/wp-json\/wp\/v2\/pages"}],"about":[{"href":"https:\/\/kapucynkiostrow.pl\/index.php\/wp-json\/wp\/v2\/types\/page"}],"author":[{"embeddable":true,"href":"https:\/\/kapucynkiostrow.pl\/index.php\/wp-json\/wp\/v2\/users\/1"}],"replies":[{"embeddable":true,"href":"https:\/\/kapucynkiostrow.pl\/index.php\/wp-json\/wp\/v2\/comments?post=425"}],"version-history":[{"count":12,"href":"https:\/\/kapucynkiostrow.pl\/index.php\/wp-json\/wp\/v2\/pages\/425\/revisions"}],"predecessor-version":[{"id":902,"href":"https:\/\/kapucynkiostrow.pl\/index.php\/wp-json\/wp\/v2\/pages\/425\/revisions\/902"}],"wp:attachment":[{"href":"https:\/\/kapucynkiostrow.pl\/index.php\/wp-json\/wp\/v2\/media?parent=425"}],"curies":[{"name":"wp","href":"https:\/\/api.w.org\/{rel}","templated":true}]}}