{"id":2326,"date":"2023-12-28T16:21:09","date_gmt":"2023-12-28T15:21:09","guid":{"rendered":"https:\/\/kapucynkiostrow.pl\/?page_id=2326"},"modified":"2024-01-03T11:16:09","modified_gmt":"2024-01-03T10:16:09","slug":"akt-poswiecenia-niepokalanemu-sercu-najswietszej-maryi-panny","status":"publish","type":"page","link":"https:\/\/kapucynkiostrow.pl\/index.php\/akt-poswiecenia-niepokalanemu-sercu-najswietszej-maryi-panny\/","title":{"rendered":"Akt po\u015bwi\u0119cenia Niepokalanemu Sercu Naj\u015bwi\u0119tszej Maryi Panny"},"content":{"rendered":"\n<figure class=\"wp-block-image aligncenter size-full is-resized\"><img fetchpriority=\"high\" decoding=\"async\" width=\"500\" height=\"229\" src=\"https:\/\/kapucynkiostrow.pl\/wp-content\/uploads\/2022\/02\/Papiez-Franciszekd.jpg\" alt=\"\" class=\"wp-image-1688\" style=\"width:739px;height:auto\" srcset=\"https:\/\/kapucynkiostrow.pl\/wp-content\/uploads\/2022\/02\/Papiez-Franciszekd.jpg 500w, https:\/\/kapucynkiostrow.pl\/wp-content\/uploads\/2022\/02\/Papiez-Franciszekd-300x137.jpg 300w\" sizes=\"(max-width: 500px) 100vw, 500px\" \/><\/figure>\n\n\n\n<p class=\"has-text-align-center\">AKT PO\u015aWI\u0118CENIA<br>NIEPOKALANEMU SERCU NAJ\u015aWI\u0118TSZEJ MARYI PANNY<br>O Maryjo, Matko Boga i nasza Matko, uciekamy si\u0119 do Ciebie <br>w tej godzinie cierpienia.<br>Jeste\u015b nasz\u0105 Matk\u0105, mi\u0142ujesz nas i znasz nas: nic, co nosimy w sercu, nie jest przed Tob\u0105 ukryte. Matko mi\u0142osierdzia, tak wiele razy do\u015bwiadczyli\u015bmy Twojej opatrzno\u015bciowej czu\u0142o\u015bci, Twojej obecno\u015bci, kt\u00f3ra przywraca nam pok\u00f3j, poniewa\u017c Ty zawsze prowadzisz<br>nas do Jezusa, Ksi\u0119cia Pokoju. My jednak zgubili\u015bmy drog\u0119 do pokoju. Zapomnieli\u015bmy o nauce p\u0142yn\u0105cej z tragedii<br>minionego wieku, o po\u015bwi\u0119ceniu milion\u00f3w poleg\u0142ych podczas wojen \u015bwiatowych. Zlekcewa\u017cyli\u015bmy zobowi\u0105zania podj\u0119te jako Wsp\u00f3lnota Narod\u00f3w i wci\u0105\u017c zdradzamy marzenia narod\u00f3w o pokoju oraz nadzieje ludzi m\u0142odych. Stali\u015bmy si\u0119 chorzy z chciwo\u015bci,<br>zamkn\u0119li\u015bmy si\u0119 w nacjonalistycznych interesach, pozwolili\u015bmy, by sparali\u017cowa\u0142y nas oboj\u0119tno\u015b\u0107 i egoizm. Woleli\u015bmy lekcewa\u017cy\u0107 Boga, \u017cy\u0107 w naszym fa\u0142szu, podsyca\u0107 agresj\u0119, niszczy\u0107 \u017cycie i gromadzi\u0107 bro\u0144, zapominaj\u0105c, \u017ce jeste\u015bmy opiekunami naszego bli\u017aniego <br>i wsp\u00f3lnego domu, kt\u00f3ry dzielimy. Poprzez wojn\u0119 rozszarpali\u015bmy Ziemski ogr\u00f3d, grzechem zranili\u015bmy serce naszego Ojca, kt\u00f3ry pragnie, aby\u015bmy byli bra\u0107mi i siostrami. Stali\u015bmy si\u0119 oboj\u0119tni na wszystkich i wszystko z wyj\u0105tkiem nas samych. A teraz ze wstydem m\u00f3wimy: przebacz nam, Panie!<br>W n\u0119dzy grzechu, w naszych trudach i s\u0142abo\u015bciach, w tajemnicy nieprawo\u015bci z\u0142a i wojny, Ty, Naj\u015bwi\u0119tsza Matko, przypominasz nam, \u017ce B\u00f3g nas nie opuszcza, ale wci\u0105\u017c patrzy na nas z mi\u0142o\u015bci\u0105, pragn\u0105c nam przebaczy\u0107 i nas podnie\u015b\u0107. To On da\u0142 nam Ciebie a Twoje<br>Niepokalane Serce uczyni\u0142 schronieniem dla Ko\u015bcio\u0142a i ludzko\u015bci. <br>Z Bo\u017cej dobroci jeste\u015b z nami i przeprowadzasz nas z czu\u0142o\u015bci\u0105 nawet przez najbardziej skomplikowane dziejowe zakr\u0119ty.<br>Zatem uciekamy si\u0119 do Ciebie, pukamy do drzwi Twego Serca, my, Twoje umi\u0142owane dzieci, kt\u00f3re w ka\u017cdym czasie niestrudzenie nawiedzasz i zach\u0119casz do nawr\u00f3cenia. W tej mrocznej godzinie przyjd\u017a nam z pomoc\u0105 i pociesz nas. Powtarzaj ka\u017cdemu z nas: ?Czy\u017c<br>oto nie jestem tu Ja, twoja Matka??. Ty wiesz, jak rozpl\u0105ta\u0107 p\u0119ta naszego serca i w\u0119z\u0142y naszego czasu. W Tobie pok\u0142adamy nadziej\u0119. Jeste\u015bmy pewni, \u017ce Ty, zw\u0142aszcza w chwili pr\u00f3by, nie gardzisz naszymi pro\u015bbami i przychodzisz nam z pomoc\u0105.<br>Tak w\u0142a\u015bnie uczyni\u0142a\u015b w Kanie Galilejskiej, gdy przyspieszy\u0142a\u015b godzin\u0119 dzia\u0142ania Jezusa i zapowiedzia\u0142a\u015b Jego pierwszy znak w \u015bwiecie. Gdy uczta zamieni\u0142a si\u0119 w smutek, powiedzia\u0142a\u015b Mu: ?Nie maj\u0105 wina? <br>(J 2, 3). O Matko, raz jeszcze powt\u00f3rz to Bogu, bowiem<br>dzi\u015b zabrak\u0142o nam wina nadziei, znikn\u0119\u0142a rado\u015b\u0107, rozmy\u0142o si\u0119 braterstwo. Zagubili\u015bmy cz\u0142owiecze\u0144stwo, zmarnowali\u015bmy pok\u00f3j. Stali\u015bmy si\u0119 zdolni do wszelkiej przemocy i wszelkiego zniszczenia. Jak\u017ce pilnie potrzebujemy Twojej matczynej interwencji.<br>Przyjmij wi\u0119c, o Matko, to nasze b\u0142aganie. Ty, Gwiazdo morza, nie pozw\u00f3l, by\u015bmy zostali rozbitkami w czasie wojennej burzy.<br>Ty, Arko Nowego Przymierza, inspiruj plany i drogi pojednania.<br>Ty, ?Ziemio nieba?, zaprowad\u017a w \u015bwiecie Bo\u017c\u0105 zgod\u0119.<br>Uga\u015b nienawi\u015b\u0107, usu\u0144 pragnienie zemsty, naucz nas przebaczenia.<br>Uwolnij nas od wojny, zachowaj \u015bwiat od zagro\u017cenia nuklearnego.<br>Kr\u00f3lowo R\u00f3\u017ca\u0144ca \u015awi\u0119tego, rozbud\u017a w nas pragnienie modlitwy <br>i mi\u0142o\u015bci. Kr\u00f3lowo rodziny ludzkiej, wska\u017c narodom drog\u0119 braterstwa.<br>Kr\u00f3lowo pokoju, wyjednaj \u015bwiatu pok\u00f3j. Niech Tw\u00f3j p\u0142acz, o Matko, poruszy nasze zatwardzia\u0142e serca. Niech \u0142zy, kt\u00f3re za nas<br>przela\u0142a\u015b, sprawi\u0105, \u017ce zn\u00f3w zakwitnie owa dolina, kt\u00f3r\u0105 wysuszy\u0142a nasza nienawi\u015b\u0107. I cho\u0107 nie milknie zgie\u0142k broni, niech Twoja modlitwa usposabia nas do pokoju. Niech Twoje matczyne d\u0142onie b\u0119d\u0105 ukojeniem dla tych, kt\u00f3rzy cierpi\u0105 i uciekaj\u0105 pod ci\u0119\u017carem bomb. Niech Twoje macierzy\u0144skie obj\u0119cie pocieszy tych, kt\u00f3rzy zostali zmuszeni do opuszczenia swoich dom\u00f3w i swej ojczyzny. Niech Twoje bolej\u0105ce Serce poruszy nas do wsp\u00f3\u0142czucia <br>i przynagli do otwarcia drzwi i opieki nad zranion\u0105 i odrzucon\u0105 ludzko\u015bci\u0105. \u015awi\u0119ta Bo\u017ca Rodzicielko, gdy sta\u0142a\u015b pod krzy\u017cem, Jezus, wskazuj\u0105c na ucznia obok Ciebie, powiedzia\u0142 Ci: ?Oto syn Tw\u00f3j? (J 19, 26): w ten spos\u00f3b zawierzy\u0142 Tobie ka\u017cdego z nas.<br>Nast\u0119pnie do ucznia, do ka\u017cdego z nas, rzek\u0142: ?Oto Matka twoja? (w. 27). Matko, chcemy Ci\u0119 teraz przyj\u0105\u0107 w naszym \u017cyciu i w naszej historii. W tej godzinie ludzko\u015b\u0107, wyczerpana i zrozpaczona, stoi wraz z Tob\u0105 pod krzy\u017cem. I potrzebuje zawierzy\u0107 si\u0119 Tobie, potrzebuje<br>poprzez Ciebie po\u015bwi\u0119ci\u0107 si\u0119 Chrystusowi. Nar\u00f3d ukrai\u0144ski i nar\u00f3d rosyjski, kt\u00f3re czcz\u0105 Ci\u0119 z mi\u0142o\u015bci\u0105, uciekaj\u0105 si\u0119 do Ciebie, a Twoje Serce bije dla nich i dla wszystkich narod\u00f3w zdziesi\u0105tkowanych przez wojn\u0119, g\u0142\u00f3d, niesprawiedliwo\u015b\u0107 i n\u0119dz\u0119. My zatem, Matko Boga i nasza Matko, uroczy\u015bcie zawierzamy i po\u015bwi\u0119camy Twojemu<br>Niepokalanemu Sercu siebie samych, Ko\u015bci\u00f3\u0142 i ca\u0142\u0105 ludzko\u015b\u0107,<br> a zw\u0142aszcza Rosj\u0119 i Ukrain\u0119. Przyjmij ten nasz akt, kt\u00f3rego dokonujemy z ufno\u015bci\u0105 i mi\u0142o\u015bci\u0105; spraw, aby usta\u0142y wojny, <br>i zapewnij \u015bwiatu pok\u00f3j. Niech ?tak?, kt\u00f3re wyp\u0142yn\u0119\u0142o z Twojego Serca, otworzy bramy dziej\u00f3w dla Ksi\u0119cia Pokoju; ufamy, \u017ce poprzez Twoje Serce, nastanie jeszcze pok\u00f3j. Tobie wi\u0119c po\u015bwi\u0119camy przysz\u0142o\u015b\u0107 ca\u0142ej rodziny ludzkiej, potrzeby i oczekiwania narod\u00f3w,<br>niepokoje i nadzieje \u015bwiata. Niech za Twoim po\u015brednictwem Bo\u017ce Mi\u0142osierdzie rozleje si\u0119 na ziemi\u0119 i niech s\u0142odki rytm<br>pokoju na nowo kszta\u0142tuje nasze dni. Niewiasto, kt\u00f3ra\u015b powiedzia\u0142a Bogu ?tak? i na kt\u00f3r\u0105 zst\u0105pi\u0142 Duch \u015awi\u0119ty, przywr\u00f3\u0107 po\u015br\u00f3d nas Bo\u017c\u0105 harmoni\u0119. O\u017cyw nasze osch\u0142e serca, Ty, kt\u00f3ra\u015b jest ?\u017cyw\u0105 nadziei krynic\u0105?. Ty, kt\u00f3ra\u015b utka\u0142a cz\u0142owiecze\u0144stwo Jezusa, uczy\u0144 nas<br>budowniczymi komunii. Ty, kt\u00f3ra przemierza\u0142a\u015b nasze drogi, <br>prowad\u017a nas drogami pokoju.<br>Amen<\/p>\n\n\n\n<div data-wp-interactive=\"core\/file\" class=\"wp-block-file aligncenter\"><object data-wp-bind--hidden=\"!state.hasPdfPreview\" hidden class=\"wp-block-file__embed\" data=\"https:\/\/kapucynkiostrow.pl\/wp-content\/uploads\/2024\/01\/AKT-POSWIECENIA-NIEPOKALANEMU-SERCU-NAJSWIETSZEJ-MARYI-PANNY-25-marca-2022-r.-Francis.pdf\" type=\"application\/pdf\" style=\"width:100%;height:600px\" aria-label=\"Osadzone z AKT-POSWIECENIA-NIEPOKALANEMU-SERCU-NAJSWIETSZEJ-MARYI-PANNY-25-marca-2022-r.-Francis.\"><\/object><a id=\"wp-block-file--media-d2f3d92a-9a36-47d8-a314-5f7b075297a6\" href=\"https:\/\/kapucynkiostrow.pl\/wp-content\/uploads\/2024\/01\/AKT-POSWIECENIA-NIEPOKALANEMU-SERCU-NAJSWIETSZEJ-MARYI-PANNY-25-marca-2022-r.-Francis.pdf\">AKT-POSWIECENIA-NIEPOKALANEMU-SERCU-NAJSWIETSZEJ-MARYI-PANNY-25-marca-2022-r.-Francis<\/a><a href=\"https:\/\/kapucynkiostrow.pl\/wp-content\/uploads\/2024\/01\/AKT-POSWIECENIA-NIEPOKALANEMU-SERCU-NAJSWIETSZEJ-MARYI-PANNY-25-marca-2022-r.-Francis.pdf\" class=\"wp-block-file__button wp-element-button\" download aria-describedby=\"wp-block-file--media-d2f3d92a-9a36-47d8-a314-5f7b075297a6\">Pobierz<\/a><\/div>\n","protected":false},"excerpt":{"rendered":"<p>AKT PO\u015aWI\u0118CENIANIEPOKALANEMU SERCU NAJ\u015aWI\u0118TSZEJ MARYI PANNYO Maryjo, Matko Boga i nasza Matko, uciekamy si\u0119 do Ciebie w tej godzinie cierpienia.Jeste\u015b [&hellip;]<\/p>\n","protected":false},"author":1,"featured_media":0,"parent":0,"menu_order":0,"comment_status":"closed","ping_status":"closed","template":"","meta":{"_monsterinsights_skip_tracking":false,"_monsterinsights_sitenote_active":false,"_monsterinsights_sitenote_note":"","_monsterinsights_sitenote_category":0,"site-sidebar-layout":"default","site-content-layout":"","ast-site-content-layout":"default","site-content-style":"default","site-sidebar-style":"default","ast-global-header-display":"","ast-banner-title-visibility":"","ast-main-header-display":"","ast-hfb-above-header-display":"","ast-hfb-below-header-display":"","ast-hfb-mobile-header-display":"","site-post-title":"","ast-breadcrumbs-content":"","ast-featured-img":"","footer-sml-layout":"","ast-disable-related-posts":"","theme-transparent-header-meta":"","adv-header-id-meta":"","stick-header-meta":"","header-above-stick-meta":"","header-main-stick-meta":"","header-below-stick-meta":"","astra-migrate-meta-layouts":"default","ast-page-background-enabled":"default","ast-page-background-meta":{"desktop":{"background-color":"var(--ast-global-color-5)","background-image":"","background-repeat":"repeat","background-position":"center center","background-size":"auto","background-attachment":"scroll","background-type":"","background-media":"","overlay-type":"","overlay-color":"","overlay-opacity":"","overlay-gradient":""},"tablet":{"background-color":"","background-image":"","background-repeat":"repeat","background-position":"center center","background-size":"auto","background-attachment":"scroll","background-type":"","background-media":"","overlay-type":"","overlay-color":"","overlay-opacity":"","overlay-gradient":""},"mobile":{"background-color":"","background-image":"","background-repeat":"repeat","background-position":"center center","background-size":"auto","background-attachment":"scroll","background-type":"","background-media":"","overlay-type":"","overlay-color":"","overlay-opacity":"","overlay-gradient":""}},"ast-content-background-meta":{"desktop":{"background-color":"var(--ast-global-color-4)","background-image":"","background-repeat":"repeat","background-position":"center center","background-size":"auto","background-attachment":"scroll","background-type":"","background-media":"","overlay-type":"","overlay-color":"","overlay-opacity":"","overlay-gradient":""},"tablet":{"background-color":"var(--ast-global-color-4)","background-image":"","background-repeat":"repeat","background-position":"center center","background-size":"auto","background-attachment":"scroll","background-type":"","background-media":"","overlay-type":"","overlay-color":"","overlay-opacity":"","overlay-gradient":""},"mobile":{"background-color":"var(--ast-global-color-4)","background-image":"","background-repeat":"repeat","background-position":"center center","background-size":"auto","background-attachment":"scroll","background-type":"","background-media":"","overlay-type":"","overlay-color":"","overlay-opacity":"","overlay-gradient":""}},"ngg_post_thumbnail":0,"footnotes":""},"class_list":["post-2326","page","type-page","status-publish","hentry"],"_links":{"self":[{"href":"https:\/\/kapucynkiostrow.pl\/index.php\/wp-json\/wp\/v2\/pages\/2326","targetHints":{"allow":["GET"]}}],"collection":[{"href":"https:\/\/kapucynkiostrow.pl\/index.php\/wp-json\/wp\/v2\/pages"}],"about":[{"href":"https:\/\/kapucynkiostrow.pl\/index.php\/wp-json\/wp\/v2\/types\/page"}],"author":[{"embeddable":true,"href":"https:\/\/kapucynkiostrow.pl\/index.php\/wp-json\/wp\/v2\/users\/1"}],"replies":[{"embeddable":true,"href":"https:\/\/kapucynkiostrow.pl\/index.php\/wp-json\/wp\/v2\/comments?post=2326"}],"version-history":[{"count":6,"href":"https:\/\/kapucynkiostrow.pl\/index.php\/wp-json\/wp\/v2\/pages\/2326\/revisions"}],"predecessor-version":[{"id":2373,"href":"https:\/\/kapucynkiostrow.pl\/index.php\/wp-json\/wp\/v2\/pages\/2326\/revisions\/2373"}],"wp:attachment":[{"href":"https:\/\/kapucynkiostrow.pl\/index.php\/wp-json\/wp\/v2\/media?parent=2326"}],"curies":[{"name":"wp","href":"https:\/\/api.w.org\/{rel}","templated":true}]}}