{"id":1299,"date":"2021-09-22T16:31:15","date_gmt":"2021-09-22T14:31:15","guid":{"rendered":"https:\/\/kapucynkiostrow.pl\/?page_id=1299"},"modified":"2021-09-22T22:07:13","modified_gmt":"2021-09-22T20:07:13","slug":"sw-franciszek-z-asyzu","status":"publish","type":"page","link":"https:\/\/kapucynkiostrow.pl\/index.php\/o-swietych\/sw-franciszek-z-asyzu\/","title":{"rendered":"\u015bw. Franciszek z Asy\u017cu"},"content":{"rendered":"\n<div class=\"wp-block-cover alignleft has-background-dim has-custom-content-position is-position-bottom-center\" style=\"min-height:100vh;aspect-ratio:unset;\"><img decoding=\"async\" width=\"150\" height=\"200\" class=\"wp-block-cover__image-background wp-image-1309\" alt=\"\" src=\"https:\/\/kapucynkiostrow.pl\/wp-content\/uploads\/2021\/09\/FRANCISZEK-1.jpg\" data-object-fit=\"cover\"\/><div class=\"wp-block-cover__inner-container is-layout-flow wp-block-cover-is-layout-flow\">\n<p class=\"has-large-font-size\">\u015bw. Franciszek<\/p>\n<\/div><\/div>\n\n\n\n<p class=\"has-text-align-center\">Urodzony 1181 roku syn bogatego kupca sukien- Piotra Bernardone i pani Piki, kt\u00f3ra prawdopodobnie by\u0142a pochodzenia francuskiego oraz szlacheckiego &#8211; zosta\u0142 ochrzczony pod nieobecno\u015b\u0107 ojca, kt\u00f3ry by\u0142 w podr\u00f3\u017cy kupieckiej, jako <strong>Jan Chrzciciel (Giovanni Battista)<\/strong>,<br>a potem przez ojca nazwany<strong> Franciszkiem (Francesco)<\/strong>.<br>By\u0142 m\u0142odzie\u0144cem zdolnym, bystrym i mi\u0142ym, by\u0142 dusz\u0105 zabaw w\u015br\u00f3d swoich r\u00f3wie\u015bnik\u00f3w.<br>Zamierza\u0142 zdoby\u0107 rycersk\u0105 s\u0142aw\u0119 i szlachectwo, jednak Pan B\u00f3g, poprzez sen zawraca go z tej drogi i powoli poci\u0105ga ku sobie, sk\u0142aniaj\u0105c go do tego, by s\u0142u\u017cy\u0142 prawdziwemu Panu jako Jego rycerz i herold. Cz\u0119sto modli\u0142 si\u0119 w ustronnych miejscach, a\u017c pewnego razu us\u0142ysza\u0142 z Krzy\u017ca s\u0142owa przemawiaj\u0105cego do niego Chrystusa:<em> ?Franciszku, id\u017a i napraw M\u00f3j dom, bo, jak widzisz wali si\u0119 ca\u0142y.?<\/em> M\u0142odzieniec zaraz ochotnie wzi\u0105\u0142 si\u0119 do pracy ? najpierw w sensie dos\u0142ownym i fizycznym, potem, poprzez to, \u017ce zostawi\u0142 dom rodzinny i odda\u0142 si\u0119 s\u0142u\u017cbie Bo\u017cej, w sensie mistycznym i duchowym, lecz nie mniej konkretnym, przyczyni\u0142 si\u0119 do odrodzenia w Ko\u015bciele \u017bYCIA EWANGELICZNEGO. Sta\u0142 si\u0119 w ten spos\u00f3b dla sobie wsp\u00f3\u0142czesnych, jak i dla przysz\u0142ych pokole\u0144 znakiem zapytania, pobudk\u0105 do my\u015blenia, motorem do dzia\u0142ania, \u017cywym przyk\u0142adem aktualno\u015bci Ewangelii.<br>Szybko zacz\u0119li przy\u0142\u0105cza\u0107 si\u0119 do niego inni m\u0142odzie\u0144cy i najpierw pod opiek\u0105 Biskupa Asy\u017cu, potem ju\u017c za aprobat\u0105 Ojca \u015bw. &#8211; najpierw tylko ustn\u0105, potem tak\u017ce pisemn\u0105 &#8211; szybko wzrasta\u0142 w liczb\u0119 i zas\u0142ugi Zakon Braci Mniejszych. Franciszek, zawsze we wsp\u00f3\u0142pracy z Biskupem i w pos\u0142usze\u0144stwie Ko\u015bcio\u0142owi, posy\u0142a\u0142 Braci do r\u00f3\u017cnych miejsc w Europie, a tak\u017ce do kraj\u00f3w muzu\u0142ma\u0144skich.<br>\u017by\u0142 w ub\u00f3stwie, z pracy w\u0142asnych r\u0105k, nie u\u017cywa\u0142 pieni\u0119dzy i zabrania\u0142 tego braciom. Gdy nie starcza\u0142o im tego, co otrzymali za prac\u0119, prosili o ja\u0142mu\u017cn\u0119. \u015aw. Franciszek prowadzi\u0142 g\u0142\u0119bokie \u017cycie modlitwy, jak m\u00f3wi\u0105 \u017ar\u00f3d\u0142a;<em> ?nie tyle si\u0119 modli\u0142, co sam zdawa\u0142 si\u0119 by\u0107 modlitw\u0105?<\/em>. O jego g\u0142\u0119bokim \u017cyciu wewn\u0119trznym i zjednoczeniu ze Stw\u00f3rc\u0105 \u015bwiadcz\u0105 tak\u017ce jego pisma. Cz\u0119sto zatrzymywa\u0142 si\u0119 na d\u0142ugiej modlitwie w ustronnych miejscach, na g\u00f3rze i w lesie. Franciszek kocha\u0142 stworzenie, widzia\u0142 w nim odbicie pi\u0119kna Stw\u00f3rcy, kt\u00f3remu zwyk\u0142 m\u00f3wi\u0107: <em>?Ty jeste\u015b pi\u0119kno\u015bci\u0105,??<\/em>.<br>R\u00f3wnie\u017c \u015bwieccy szli za jego wskazaniami i pytaj\u0105c o rad\u0119, otrzymywali odpowiednie pouczenia i kieruj\u0105c si\u0119 nimi, zmieniali swe \u017cycie na ewangeliczne \u017cycie pokuty w stanie, w jakim \u017cyli, tak\u017ce jako \u015bwieccy. Franciszek uczestniczy\u0142 w Soborze Latera\u0144skim IV.<br>Z my\u015bl\u0105 o ewangelizacji pogan wybra\u0142 si\u0119 na Wsch\u00f3d. W 1219 r. wraz z krzy\u017cowcami dotar\u0142 do Egiptu i tam spotka\u0142 si\u0119 z su\u0142tanem, wobec kt\u00f3rego \u015bwiadczy\u0142 o Chrystusie. W 1220 r. Franciszek wr\u00f3ci\u0142 do Italii. Na Bo\u017ce Narodzenie 1223 r., w Greccio zainscenizowa\u0142 pierwszy \u017c\u0142\u00f3bek. Pisze o tym Br. Tomasz z Celano, jego pierwszy biograf: <em>?M\u0119\u017cczy\u017ani i kobiety z owej krainy, pe\u0142ni rozradowania, wed\u0142ug swej mo\u017cno\u015bci przygotowali \u015bwiece i pochodnie dla o\u015bwietlenia nocy, co promienist\u0105 gwiazd\u0105 o\u015bwieci\u0142a niegdy\u015b wszystkie dnie i lata. Wreszcie przyby\u0142 \u015bwi\u0119ty Bo\u017cy i znalaz\u0142szy wszystko przygotowane, ujrza\u0142 i ucieszy\u0142 si\u0119. Mianowicie nagotowano \u017c\u0142\u00f3bek, przyniesiono siano, przyprowadzono wo\u0142u i os\u0142a. Uczczono prostot\u0119, wys\u0142awiono ub\u00f3stwo, podkre\u015blono pokor\u0119 i tak Greccio sta\u0142o si\u0119 jakby nowym Betlejem. Noc sta\u0142a si\u0119 widna jak dzie\u0144, rozkoszna dla ludzi i zwierz\u0105t. Przyby\u0142y rzesze ludzi, ciesz\u0105c si\u0119 w nowy spos\u00f3b z nowej tajemnicy. G\u0142osy rozchodzi\u0142y si\u0119 po lesie, a ska\u0142y odpowiada\u0142y echem na radosne okrzyki. Bracia \u015bpieszyli, oddaj\u0105c Panu nale\u017cne chwalby, a ca\u0142a noc rozbrzmiewa\u0142a okrzykami wesela. \u015awi\u0119ty Bo\u017cy sta\u0142 przed \u017c\u0142\u00f3bkiem, pe\u0142en westchnie\u0144, przej\u0119ty czci\u0105 i ogarni\u0119ty przedziwn\u0105 rado\u015bci\u0105. Ponad \u017c\u0142\u00f3bkiem kap\u0142an odprawia\u0142 uroczyst\u0105 msz\u0119 \u015bwi\u0119t\u0105, doznaj\u0105c nowej pociechy?<\/em>. Oko\u0142o \u015awi\u0119ta Podwy\u017cszenia Krzy\u017ca, kt\u00f3re przypada 14 wrze\u015bnia, w 1224 r. na g\u00f3rze Alvernii, podczas czterdziestodniowego postu przed uroczysto\u015bci\u0105 \u015bw. Micha\u0142a Archanio\u0142a, Chrystus objawi\u0142 si\u0119 Franciszkowi w postaci Ukrzy\u017cowanego Serafina i obdarzy\u0142 go \u0142ask\u0105 stygmat\u00f3w. Trudy apostolstwa, surowa pokuta, d\u0142ugie noce czuwania na modlitwie wyczerpa\u0142y si\u0142y Franciszka. Zachorowa\u0142 na oczy, pr\u00f3by leczenia nie przynosi\u0142y skutku, cierpia\u0142 tak\u017ce liczne choroby zwi\u0105zane z uk\u0142adem pokarmowym. Zmar\u0142 3 pa\u017adziernika 1226 r. o zachodzie s\u0142o\u0144ca w ko\u015bciele Matki Bo\u017cej Anielskiej w Asy\u017cu. Kiedy umiera\u0142, kaza\u0142 zdj\u0105\u0107<br>z siebie habit i po\u0142o\u017cy\u0107 siebie na ziemi, a Braci prosi\u0142, by \u015bpiewali Pie\u015b\u0144 do Brata S\u0142o\u0144ce, do kt\u00f3rego doda\u0142 now\u0105 zwrotk\u0119;<em>?Pochwalony b\u0105d\u017a, Panie m\u00f3j, przez siostr\u0119 nasz\u0105 \u015bmier\u0107 cielesn\u0105,?<\/em><br>W dwa lata p\u00f3\u017aniej uroczy\u015bcie kanonizowa\u0142 go Papie\u017c Grzegorz IX &#8211; 16 lipca 1228 roku. <br>Jego Uroczysto\u015b\u0107 obchodzimy 4 pa\u017adziernika.<\/p>\n","protected":false},"excerpt":{"rendered":"<p>Urodzony 1181 roku syn bogatego kupca sukien- Piotra Bernardone i pani Piki, kt\u00f3ra prawdopodobnie by\u0142a pochodzenia francuskiego oraz szlacheckiego &#8211; [&hellip;]<\/p>\n","protected":false},"author":1,"featured_media":0,"parent":1293,"menu_order":0,"comment_status":"closed","ping_status":"closed","template":"","meta":{"_monsterinsights_skip_tracking":false,"_monsterinsights_sitenote_active":false,"_monsterinsights_sitenote_note":"","_monsterinsights_sitenote_category":0,"site-sidebar-layout":"default","site-content-layout":"","ast-site-content-layout":"default","site-content-style":"default","site-sidebar-style":"default","ast-global-header-display":"","ast-banner-title-visibility":"","ast-main-header-display":"","ast-hfb-above-header-display":"","ast-hfb-below-header-display":"","ast-hfb-mobile-header-display":"","site-post-title":"","ast-breadcrumbs-content":"","ast-featured-img":"","footer-sml-layout":"","ast-disable-related-posts":"","theme-transparent-header-meta":"","adv-header-id-meta":"","stick-header-meta":"","header-above-stick-meta":"","header-main-stick-meta":"","header-below-stick-meta":"","astra-migrate-meta-layouts":"default","ast-page-background-enabled":"default","ast-page-background-meta":{"desktop":{"background-color":"var(--ast-global-color-5)","background-image":"","background-repeat":"repeat","background-position":"center center","background-size":"auto","background-attachment":"scroll","background-type":"","background-media":"","overlay-type":"","overlay-color":"","overlay-opacity":"","overlay-gradient":""},"tablet":{"background-color":"","background-image":"","background-repeat":"repeat","background-position":"center center","background-size":"auto","background-attachment":"scroll","background-type":"","background-media":"","overlay-type":"","overlay-color":"","overlay-opacity":"","overlay-gradient":""},"mobile":{"background-color":"","background-image":"","background-repeat":"repeat","background-position":"center center","background-size":"auto","background-attachment":"scroll","background-type":"","background-media":"","overlay-type":"","overlay-color":"","overlay-opacity":"","overlay-gradient":""}},"ast-content-background-meta":{"desktop":{"background-color":"var(--ast-global-color-4)","background-image":"","background-repeat":"repeat","background-position":"center center","background-size":"auto","background-attachment":"scroll","background-type":"","background-media":"","overlay-type":"","overlay-color":"","overlay-opacity":"","overlay-gradient":""},"tablet":{"background-color":"var(--ast-global-color-4)","background-image":"","background-repeat":"repeat","background-position":"center center","background-size":"auto","background-attachment":"scroll","background-type":"","background-media":"","overlay-type":"","overlay-color":"","overlay-opacity":"","overlay-gradient":""},"mobile":{"background-color":"var(--ast-global-color-4)","background-image":"","background-repeat":"repeat","background-position":"center center","background-size":"auto","background-attachment":"scroll","background-type":"","background-media":"","overlay-type":"","overlay-color":"","overlay-opacity":"","overlay-gradient":""}},"ngg_post_thumbnail":0,"footnotes":""},"class_list":["post-1299","page","type-page","status-publish","hentry"],"_links":{"self":[{"href":"https:\/\/kapucynkiostrow.pl\/index.php\/wp-json\/wp\/v2\/pages\/1299","targetHints":{"allow":["GET"]}}],"collection":[{"href":"https:\/\/kapucynkiostrow.pl\/index.php\/wp-json\/wp\/v2\/pages"}],"about":[{"href":"https:\/\/kapucynkiostrow.pl\/index.php\/wp-json\/wp\/v2\/types\/page"}],"author":[{"embeddable":true,"href":"https:\/\/kapucynkiostrow.pl\/index.php\/wp-json\/wp\/v2\/users\/1"}],"replies":[{"embeddable":true,"href":"https:\/\/kapucynkiostrow.pl\/index.php\/wp-json\/wp\/v2\/comments?post=1299"}],"version-history":[{"count":3,"href":"https:\/\/kapucynkiostrow.pl\/index.php\/wp-json\/wp\/v2\/pages\/1299\/revisions"}],"predecessor-version":[{"id":1352,"href":"https:\/\/kapucynkiostrow.pl\/index.php\/wp-json\/wp\/v2\/pages\/1299\/revisions\/1352"}],"up":[{"embeddable":true,"href":"https:\/\/kapucynkiostrow.pl\/index.php\/wp-json\/wp\/v2\/pages\/1293"}],"wp:attachment":[{"href":"https:\/\/kapucynkiostrow.pl\/index.php\/wp-json\/wp\/v2\/media?parent=1299"}],"curies":[{"name":"wp","href":"https:\/\/api.w.org\/{rel}","templated":true}]}}